{"id":281,"date":"2018-10-26T22:50:36","date_gmt":"2018-10-26T20:50:36","guid":{"rendered":"https:\/\/www.berangel.com\/?page_id=281"},"modified":"2023-10-11T14:00:20","modified_gmt":"2023-10-11T12:00:20","slug":"livres-sociologie","status":"publish","type":"page","link":"https:\/\/www.berangel.com\/es\/livres-psychanalyse-psychologie-sociologie\/livres-sociologie\/","title":{"rendered":"Sociologie"},"content":{"rendered":"<div class=\"banner has-hover\" id=\"banner-1439143244\">\n          <div class=\"banner-inner fill\">\n        <div class=\"banner-bg fill\" >\n            <img decoding=\"async\" width=\"330\" height=\"206\" data-src=\"https:\/\/www.berangel.com\/wp-content\/uploads\/2013\/12\/event2.jpg\" class=\"bg attachment-large size-large lazyload\" alt=\"\" src=\"data:image\/gif;base64,R0lGODlhAQABAAAAACH5BAEKAAEALAAAAAABAAEAAAICTAEAOw==\" style=\"--smush-placeholder-width: 330px; --smush-placeholder-aspect-ratio: 330\/206;\" \/>                        <div class=\"overlay\"><\/div>            \n                    <\/div>\n\t\t\n        <div class=\"banner-layers container\">\n            <div class=\"fill banner-link\"><\/div>            \n   <div id=\"text-box-2126078340\" class=\"text-box banner-layer x50 md-x50 lg-x50 y90 md-y90 lg-y90 res-text\">\n                                <div class=\"text-box-content text dark\">\n              \n              <div class=\"text-inner text-center\">\n                  \n<h3 class=\"uppercase\"><strong>sociologie<\/strong><\/h3>\n              <\/div>\n           <\/div>\n                            \n<style>\n#text-box-2126078340 {\n  width: 60%;\n}\n#text-box-2126078340 .text-box-content {\n  font-size: 100%;\n}\n<\/style>\n    <\/div>\n \n        <\/div>\n      <\/div>\n\n            \n<style>\n#banner-1439143244 {\n  padding-top: 350px;\n}\n#banner-1439143244 .overlay {\n  background-color: rgba(0,0,0,.5);\n}\n#banner-1439143244 .banner-bg img {\n  object-position: top;\n}\n<\/style>\n  <\/div>\n\n\n  <div id=\"page-header-1142854545\" class=\"page-header-wrapper\">\n  <div class=\"page-title light simple-title\">\n\n    \n    <div class=\"page-title-inner container align-center flex-row medium-flex-wrap row-reverse\" >\n            <div class=\"title-content flex-col flex-left text-left medium-text-center\">\n        <div class=\"title-breadcrumbs pb-half pt-half\"><nav class=\"woocommerce-breadcrumb breadcrumbs uppercase\" aria-label=\"Breadcrumb\" data-no-translation=\"\" data-trp-gettext=\"\">Inicio<\/nav><\/div>      <\/div>\n    <\/div>\n\n       <\/div>\n    <\/div>\n  \n\n\t<section class=\"section\" id=\"section_931958855\">\n\t\t<div class=\"section-bg fill\" >\n\t\t\t\t\t\t\t\t\t\n\t\t\t\n\n\t\t<\/div>\n\n\t\t\n\n\t\t<div class=\"section-content relative\">\n\t\t\t\n\t<div id=\"gap-1884563978\" class=\"gap-element clearfix\" style=\"display:block; height:auto;\">\n\t\t\n<style>\n#gap-1884563978 {\n  padding-top: 40px;\n}\n<\/style>\n\t<\/div>\n\t\n<div class=\"row align-center\"  id=\"row-2023248763\">\n\n\t<div id=\"col-936897761\" class=\"col small-10 large-12\"  >\n\t\t\t\t<div class=\"col-inner text-center\"  >\n\t\t\t\n\t\t\t\n<h1 class=\"uppercase\"><span style=\"font-size: 150%;\">sociologie<\/span><\/h1>\n\t\t<\/div>\n\t\t\t\t\n<style>\n#col-936897761 > .col-inner {\n  padding: 0px 0px 0 0px;\n}\n<\/style>\n\t<\/div>\n\n\t\n\n\t<div id=\"col-1152816123\" class=\"col para-14 small-10 large-12\"  >\n\t\t\t\t<div class=\"col-inner\"  >\n\t\t\t\n\t\t\t\n<p style=\"text-align: justify;\">Mouvement inverse et compl\u00e9mentaire \u00e0 la psychologie, la sociologie part d\u2019un \u00e9chantillon d\u2019individus choisi selon son angle d\u2019\u00e9tude afin d\u2019en sortir de grandes lois humaines permettant de mieux comprendre les fonctionnements soci\u00e9taux. Elle s\u2019int\u00e9resse aux groupes et aux organisations, aux ph\u00e9nom\u00e8nes sociaux tels que l\u2019\u00e9volution des m\u0153urs, des religions, des modes, et aux enjeux mondiaux tels que les migrations ou l\u2019environnement. Elle \u00e9tudie les relations, les interactions, et les repr\u00e9sentations qui les sous-tendent.<\/p>\n\t\t<\/div>\n\t\t\t\t\t<\/div>\n\n\t\n\n<style>\n#row-2023248763 > .col > .col-inner {\n  padding: 0px 0px 20px 0px;\n}\n<\/style>\n<\/div>\n\t\n  \n    <div id=\"product-grid-1578031056\" class=\"row large-columns-4 medium-columns-3 small-columns-2 row-small has-shadow row-box-shadow-1 row-box-shadow-5-hover row-masonry\" data-packery-options='{\"itemSelector\": \".col\", \"gutter\": 0, \"presentageWidth\" : true}'>\n\n  <\/div>\n\t\t<\/div>\n\n\t\t\n<style>\n#section_931958855 {\n  padding-top: 0px;\n  padding-bottom: 0px;\n}\n<\/style>\n\t<\/section>","protected":false},"excerpt":{"rendered":"","protected":false},"author":2,"featured_media":0,"parent":277,"menu_order":5,"comment_status":"closed","ping_status":"closed","template":"page-transparent-header.php","meta":{"_acf_changed":false,"footnotes":""},"class_list":["post-281","page","type-page","status-publish","hentry"],"acf":[],"_links":{"self":[{"href":"https:\/\/www.berangel.com\/es\/wp-json\/wp\/v2\/pages\/281","targetHints":{"allow":["GET"]}}],"collection":[{"href":"https:\/\/www.berangel.com\/es\/wp-json\/wp\/v2\/pages"}],"about":[{"href":"https:\/\/www.berangel.com\/es\/wp-json\/wp\/v2\/types\/page"}],"author":[{"embeddable":true,"href":"https:\/\/www.berangel.com\/es\/wp-json\/wp\/v2\/users\/2"}],"replies":[{"embeddable":true,"href":"https:\/\/www.berangel.com\/es\/wp-json\/wp\/v2\/comments?post=281"}],"version-history":[{"count":0,"href":"https:\/\/www.berangel.com\/es\/wp-json\/wp\/v2\/pages\/281\/revisions"}],"up":[{"embeddable":true,"href":"https:\/\/www.berangel.com\/es\/wp-json\/wp\/v2\/pages\/277"}],"wp:attachment":[{"href":"https:\/\/www.berangel.com\/es\/wp-json\/wp\/v2\/media?parent=281"}],"curies":[{"name":"wp","href":"https:\/\/api.w.org\/{rel}","templated":true}]}}