{"id":854,"date":"2019-02-11T23:11:31","date_gmt":"2019-02-11T22:11:31","guid":{"rendered":"https:\/\/www.berangel.com\/?page_id=854"},"modified":"2025-05-15T18:20:56","modified_gmt":"2025-05-15T16:20:56","slug":"medecine-psychosomatique","status":"publish","type":"page","link":"https:\/\/www.berangel.com\/es\/sante-medecine-psychosomatique\/medecine-psychosomatique\/","title":{"rendered":"Medicina psicosom\u00e1tica"},"content":{"rendered":"<div class=\"banner has-hover\" id=\"banner-1415032721\">\n          <div class=\"banner-inner fill\">\n        <div class=\"banner-bg fill\" >\n            <img decoding=\"async\" width=\"1020\" height=\"709\" data-src=\"https:\/\/www.berangel.com\/wp-content\/uploads\/2018\/11\/psychosomatique-clinique.jpg\" class=\"bg attachment-large size-large lazyload\" alt=\"\" src=\"data:image\/gif;base64,R0lGODlhAQABAAAAACH5BAEKAAEALAAAAAABAAEAAAICTAEAOw==\" style=\"--smush-placeholder-width: 1020px; --smush-placeholder-aspect-ratio: 1020\/709;\" \/>                        <div class=\"overlay\"><\/div>            \n                    <\/div>\n\t\t\n        <div class=\"banner-layers container\">\n            <div class=\"fill banner-link\"><\/div>            \n   <div id=\"text-box-627309742\" class=\"text-box banner-layer x50 md-x50 lg-x50 y90 md-y90 lg-y90 res-text\">\n                                <div class=\"text-box-content text dark\">\n              \n              <div class=\"text-inner text-center\">\n                  \n<h3 class=\"uppercase\"><strong>Medicina psicosom\u00e1tica<\/strong><\/h3>\n              <\/div>\n           <\/div>\n                            \n<style>\n#text-box-627309742 {\n  width: 60%;\n}\n#text-box-627309742 .text-box-content {\n  font-size: 100%;\n}\n<\/style>\n    <\/div>\n \n        <\/div>\n      <\/div>\n\n            \n<style>\n#banner-1415032721 {\n  padding-top: 350px;\n}\n#banner-1415032721 .overlay {\n  background-color: rgba(0,0,0,.5);\n}\n<\/style>\n  <\/div>\n\n\n  <div id=\"page-header-934503752\" class=\"page-header-wrapper\">\n  <div class=\"page-title light simple-title\">\n\n    \n    <div class=\"page-title-inner container align-center flex-row medium-flex-wrap row-reverse\" >\n            <div class=\"title-content flex-col flex-left text-left medium-text-center\">\n        <div class=\"title-breadcrumbs pb-half pt-half\"><nav class=\"woocommerce-breadcrumb breadcrumbs uppercase\" aria-label=\"Breadcrumb\" data-no-translation=\"\" data-trp-gettext=\"\">Inicio<\/nav><\/div>      <\/div>\n    <\/div>\n\n       <\/div>\n    <\/div>\n  \n\n\t<section class=\"section\" id=\"section_1122123275\">\n\t\t<div class=\"section-bg fill\" >\n\t\t\t\t\t\t\t\t\t\n\t\t\t\n\n\t\t<\/div>\n\n\t\t\n\n\t\t<div class=\"section-content relative\">\n\t\t\t\n\t<div id=\"gap-1350574759\" class=\"gap-element clearfix\" style=\"display:block; height:auto;\">\n\t\t\n<style>\n#gap-1350574759 {\n  padding-top: 40px;\n}\n<\/style>\n\t<\/div>\n\t\n<div class=\"row align-center\"  id=\"row-1738124229\">\n\n\t<div id=\"col-771652970\" class=\"col small-10 large-12\"  >\n\t\t\t\t<div class=\"col-inner text-center\"  >\n\t\t\t\n\t\t\t\n<h1 class=\"uppercase\"><span style=\"font-size: 150%;\">Medicina psicosom\u00e1tica<\/span><\/h1>\n\t\t<\/div>\n\t\t\t\t\n<style>\n#col-771652970 > .col-inner {\n  padding: 0px 0px 0 0px;\n}\n<\/style>\n\t<\/div>\n\n\t\n\n\t<div id=\"col-378949578\" class=\"col para-14 small-10 large-12\"  >\n\t\t\t\t<div class=\"col-inner\"  >\n\t\t\t\n\t\t\t\n<p style=\"text-align: justify;\">La m\u00e9decine psychosomatique clinique s\u2019efforce d\u2019unir dans une seule approche les aspects\u00a0visibles et invisibles de notre mental. Elle propose de faire des liens entre les \u00e9v\u00e9nements pass\u00e9s et nos sympt\u00f4mes pr\u00e9sents donnant ainsi un sens \u00e0 la maladie.<\/p>\n<p style=\"text-align: justify;\">Nombreux sont les professionnels du soin d\u2019accord pour reconna\u00eetre l\u2019influence de notre esprit sur notre corps, sans nier les facteurs multiples \u2014 g\u00e9n\u00e9tiques, cong\u00e9nitaux, affectifs, relationnels, m\u00e9t\u00e9orologiques, m\u00e9caniques, nutritionnels et sociaux reliant d\u00e9clenchement de la maladie et pr\u00e9occupation mentale particuli\u00e8re.<\/p>\n<p style=\"text-align: justify;\">La psychosomatique clinique s\u2019appuie aussi sur le bio-d\u00e9codage, la g\u00e9n\u00e9o-psychologie afin de mettre en \u00e9vidence certaines fixations mentales pour d\u00e9couvrir, chercher ce qui se cache derri\u00e8re. \u00c0 l\u2019or\u00e9e de l\u2019activit\u00e9 du mental et des m\u00e9canismes corporels, elle serait ce passage entre conscient et inconscient avant que notre cerveau rationalise et trouve une solution pour taire\/transformer le conflit et\/ou le faire ressortir en maladie.<\/p>\n<p style=\"text-align: justify;\">De ce fait, parler de pourcentage d\u2019influence psychique pour telle ou telle pathologie est un ressenti que la personne touch\u00e9e par la maladie pourra d\u00e9finir.<\/p>\n<p style=\"text-align: justify;\">Cette posture demande honn\u00eatet\u00e9 et humilit\u00e9, le mental peut s&rsquo;av\u00e9rer dans de nombreux cas un ennemi \u00e0 la connaissance de soi. La mise en conscience de l\u2019activit\u00e9 physique r\u00e9side dans les \u00e9chapp\u00e9es belles des barri\u00e8res de notre mentalit\u00e9.<\/p>\n\t\t<\/div>\n\t\t\t\t\t<\/div>\n\n\t\n\n<style>\n#row-1738124229 > .col > .col-inner {\n  padding: 0px 0px 20px 0px;\n}\n<\/style>\n<\/div>\n\t\n  \n    <div id=\"product-grid-1204440764\" class=\"row large-columns-4 medium-columns-3 small-columns-2 row-small has-shadow row-box-shadow-1 row-box-shadow-5-hover row-masonry\" data-packery-options='{\"itemSelector\": \".col\", \"gutter\": 0, \"presentageWidth\" : true}'>\n\n  <\/div>\n\t\t<\/div>\n\n\t\t\n<style>\n#section_1122123275 {\n  padding-top: 0px;\n  padding-bottom: 0px;\n}\n<\/style>\n\t<\/section>","protected":false},"excerpt":{"rendered":"","protected":false},"author":2,"featured_media":0,"parent":275,"menu_order":7,"comment_status":"closed","ping_status":"closed","template":"page-transparent-header.php","meta":{"_acf_changed":false,"footnotes":""},"class_list":["post-854","page","type-page","status-publish","hentry"],"acf":[],"_links":{"self":[{"href":"https:\/\/www.berangel.com\/es\/wp-json\/wp\/v2\/pages\/854","targetHints":{"allow":["GET"]}}],"collection":[{"href":"https:\/\/www.berangel.com\/es\/wp-json\/wp\/v2\/pages"}],"about":[{"href":"https:\/\/www.berangel.com\/es\/wp-json\/wp\/v2\/types\/page"}],"author":[{"embeddable":true,"href":"https:\/\/www.berangel.com\/es\/wp-json\/wp\/v2\/users\/2"}],"replies":[{"embeddable":true,"href":"https:\/\/www.berangel.com\/es\/wp-json\/wp\/v2\/comments?post=854"}],"version-history":[{"count":0,"href":"https:\/\/www.berangel.com\/es\/wp-json\/wp\/v2\/pages\/854\/revisions"}],"up":[{"embeddable":true,"href":"https:\/\/www.berangel.com\/es\/wp-json\/wp\/v2\/pages\/275"}],"wp:attachment":[{"href":"https:\/\/www.berangel.com\/es\/wp-json\/wp\/v2\/media?parent=854"}],"curies":[{"name":"wp","href":"https:\/\/api.w.org\/{rel}","templated":true}]}}