{"id":860,"date":"2019-02-11T23:15:25","date_gmt":"2019-02-11T22:15:25","guid":{"rendered":"https:\/\/www.berangel.com\/?page_id=860"},"modified":"2025-05-15T18:34:54","modified_gmt":"2025-05-15T16:34:54","slug":"philosophie","status":"publish","type":"page","link":"https:\/\/www.berangel.com\/es\/livres-philosophie-sexologie\/philosophie\/","title":{"rendered":"Philosophie"},"content":{"rendered":"<div class=\"banner has-hover\" id=\"banner-670555345\">\n          <div class=\"banner-inner fill\">\n        <div class=\"banner-bg fill\" >\n            <img decoding=\"async\" width=\"1020\" height=\"796\" data-src=\"https:\/\/www.berangel.com\/wp-content\/uploads\/2018\/11\/philosophie-min.jpg\" class=\"bg attachment-large size-large lazyload\" alt=\"\" src=\"data:image\/gif;base64,R0lGODlhAQABAAAAACH5BAEKAAEALAAAAAABAAEAAAICTAEAOw==\" style=\"--smush-placeholder-width: 1020px; --smush-placeholder-aspect-ratio: 1020\/796;\" \/>                        <div class=\"overlay\"><\/div>            \n                    <\/div>\n\t\t\n        <div class=\"banner-layers container\">\n            <div class=\"fill banner-link\"><\/div>            \n   <div id=\"text-box-707007049\" class=\"text-box banner-layer x50 md-x50 lg-x50 y90 md-y90 lg-y90 res-text\">\n                                <div class=\"text-box-content text dark\">\n              \n              <div class=\"text-inner text-center\">\n                  \n<h3 class=\"uppercase\"><strong>Philosophie<\/strong><\/h3>\n              <\/div>\n           <\/div>\n                            \n<style>\n#text-box-707007049 {\n  width: 60%;\n}\n#text-box-707007049 .text-box-content {\n  font-size: 100%;\n}\n<\/style>\n    <\/div>\n \n        <\/div>\n      <\/div>\n\n            \n<style>\n#banner-670555345 {\n  padding-top: 350px;\n}\n#banner-670555345 .overlay {\n  background-color: rgba(0,0,0,.5);\n}\n<\/style>\n  <\/div>\n\n\n  <div id=\"page-header-58421104\" class=\"page-header-wrapper\">\n  <div class=\"page-title light simple-title\">\n\n    \n    <div class=\"page-title-inner container align-center flex-row medium-flex-wrap row-reverse\" >\n            <div class=\"title-content flex-col flex-left text-left medium-text-center\">\n        <div class=\"title-breadcrumbs pb-half pt-half\"><nav class=\"woocommerce-breadcrumb breadcrumbs uppercase\" aria-label=\"Breadcrumb\" data-no-translation=\"\" data-trp-gettext=\"\">Inicio<\/nav><\/div>      <\/div>\n    <\/div>\n\n       <\/div>\n    <\/div>\n  \n\n\t<section class=\"section\" id=\"section_150831830\">\n\t\t<div class=\"section-bg fill\" >\n\t\t\t\t\t\t\t\t\t\n\t\t\t\n\n\t\t<\/div>\n\n\t\t\n\n\t\t<div class=\"section-content relative\">\n\t\t\t\n\t<div id=\"gap-812642127\" class=\"gap-element clearfix\" style=\"display:block; height:auto;\">\n\t\t\n<style>\n#gap-812642127 {\n  padding-top: 40px;\n}\n<\/style>\n\t<\/div>\n\t\n<div class=\"row align-center\"  id=\"row-1727022963\">\n\n\t<div id=\"col-314715498\" class=\"col small-10 large-12\"  >\n\t\t\t\t<div class=\"col-inner text-center\"  >\n\t\t\t\n\t\t\t\n<h1 class=\"uppercase\"><span style=\"font-size: 150%;\">philosophie<\/span><\/h1>\n\t\t<\/div>\n\t\t\t\t\n<style>\n#col-314715498 > .col-inner {\n  padding: 0px 0px 0 0px;\n}\n<\/style>\n\t<\/div>\n\n\t\n\n\t<div id=\"col-939272917\" class=\"col para-14 small-10 large-12\"  >\n\t\t\t\t<div class=\"col-inner\"  >\n\t\t\t\n\t\t\t\n<p style=\"text-align: justify;\"><span style=\"font-weight: 400;\">La philosophie, ou l\u2019amour de la sagesse, pourrait \u00eatre d\u00e9finie comme la somme des questions que l\u2019\u00eatre humain se pose sur lui-m\u00eame et sur le monde, et l&rsquo;intelligence des r\u00e9ponses qu&rsquo;il y apporte.<\/span><\/p>\n<p style=\"text-align: justify;\">\u00a0<\/p>\n<p style=\"text-align: justify;\"><span style=\"font-weight: 400;\">Les \u00e9ditions B\u00e9rangel s\u2019orientent vers une philosophie pratique, une philosophie qui s\u2019incarne au quotidien et tend vers un mieux-\u00eatre, un mieux vivre, un discernement de ce qui est bon ou mauvais pour soi, pour l\u2019autre, pour la communaut\u00e9.<\/span><\/p>\n<p style=\"text-align: justify;\">\u00a0<\/p>\n<p style=\"text-align: justify;\"><span style=\"font-weight: 400;\">Un enjeu de notre civilisation est de mettre en conscience l\u2019injonction r\u00e9p\u00e9t\u00e9e d\u2019un vouloir-pouvoir mortif\u00e8re, laquelle \u00e0 un niveau individuel nous d\u00e9cale de notre potentiel r\u00e9el et du sens de notre existence m\u00eame. Passer de ce vouloir-pouvoir \u00e0 un pouvoir-vouloir demande une juste perception de nos ressources et un \u00e9lan \u00e0 les actualiser. Cette connexion intime avec notre nature d\u00e9coule d\u2019un respect de soi et de ses limites, et laisse la place d\u2019exister, de coop\u00e9rer, de se compl\u00e9ter.<\/span><\/p>\n<p style=\"text-align: justify;\">\u00a0<\/p>\n<p style=\"text-align: justify;\"><span style=\"font-weight: 400;\">Sortir de l\u2019int\u00e9r\u00eat personnel imm\u00e9diat et contribuer m\u00eame petitement \u00e0 une am\u00e9lioration de l\u2019endroit o\u00f9 l\u2019on se trouve est en outre ce qui assurera un continuum pour les g\u00e9n\u00e9rations vivantes et \u00e0 venir.<\/span><\/p>\n<p style=\"text-align: justify;\">Nous ne sommes pas seuls. Car au plus profond de soi\/moi, ce n\u2019est pas de la solitude destructrice, c\u2019est de la solitude universelle.<\/p>\n\t\t<\/div>\n\t\t\t\t\n<style>\n#col-939272917 > .col-inner {\n  padding: 0px 0px 0 0px;\n}\n<\/style>\n\t<\/div>\n\n\t\n\n<style>\n#row-1727022963 > .col > .col-inner {\n  padding: 0px 0px 20px 0px;\n}\n<\/style>\n<\/div>\n\t\n  \n    <div id=\"product-grid-811670484\" class=\"row large-columns-4 medium-columns-3 small-columns-2 row-small has-shadow row-box-shadow-1 row-box-shadow-5-hover row-masonry\" data-packery-options='{\"itemSelector\": \".col\", \"gutter\": 0, \"presentageWidth\" : true}'>\n\n  <\/div>\n\t\t<\/div>\n\n\t\t\n<style>\n#section_150831830 {\n  padding-top: 0px;\n  padding-bottom: 0px;\n}\n<\/style>\n\t<\/section>","protected":false},"excerpt":{"rendered":"","protected":false},"author":2,"featured_media":0,"parent":279,"menu_order":4,"comment_status":"closed","ping_status":"closed","template":"page-transparent-header.php","meta":{"_acf_changed":false,"footnotes":""},"class_list":["post-860","page","type-page","status-publish","hentry"],"acf":[],"_links":{"self":[{"href":"https:\/\/www.berangel.com\/es\/wp-json\/wp\/v2\/pages\/860","targetHints":{"allow":["GET"]}}],"collection":[{"href":"https:\/\/www.berangel.com\/es\/wp-json\/wp\/v2\/pages"}],"about":[{"href":"https:\/\/www.berangel.com\/es\/wp-json\/wp\/v2\/types\/page"}],"author":[{"embeddable":true,"href":"https:\/\/www.berangel.com\/es\/wp-json\/wp\/v2\/users\/2"}],"replies":[{"embeddable":true,"href":"https:\/\/www.berangel.com\/es\/wp-json\/wp\/v2\/comments?post=860"}],"version-history":[{"count":0,"href":"https:\/\/www.berangel.com\/es\/wp-json\/wp\/v2\/pages\/860\/revisions"}],"up":[{"embeddable":true,"href":"https:\/\/www.berangel.com\/es\/wp-json\/wp\/v2\/pages\/279"}],"wp:attachment":[{"href":"https:\/\/www.berangel.com\/es\/wp-json\/wp\/v2\/media?parent=860"}],"curies":[{"name":"wp","href":"https:\/\/api.w.org\/{rel}","templated":true}]}}