{"id":877,"date":"2019-02-11T23:34:34","date_gmt":"2019-02-11T22:34:34","guid":{"rendered":"https:\/\/www.berangel.com\/?page_id=877"},"modified":"2023-10-11T13:58:10","modified_gmt":"2023-10-11T11:58:10","slug":"livres-psychanalise","status":"publish","type":"page","link":"https:\/\/www.berangel.com\/es\/livres-psychanalyse-psychologie-sociologie\/livres-psychanalise\/","title":{"rendered":"Psychanalyse"},"content":{"rendered":"<div class=\"banner has-hover\" id=\"banner-673204794\">\n          <div class=\"banner-inner fill\">\n        <div class=\"banner-bg fill\" >\n            <img decoding=\"async\" width=\"1020\" height=\"746\" data-src=\"https:\/\/www.berangel.com\/wp-content\/uploads\/2019\/06\/pdmonet-a35000.jpg\" class=\"bg attachment-large size-large lazyload\" alt=\"\" src=\"data:image\/gif;base64,R0lGODlhAQABAAAAACH5BAEKAAEALAAAAAABAAEAAAICTAEAOw==\" style=\"--smush-placeholder-width: 1020px; --smush-placeholder-aspect-ratio: 1020\/746;\" \/>                        <div class=\"overlay\"><\/div>            \n                    <\/div>\n\t\t\n        <div class=\"banner-layers container\">\n            <div class=\"fill banner-link\"><\/div>            \n   <div id=\"text-box-2107952134\" class=\"text-box banner-layer x50 md-x50 lg-x50 y90 md-y90 lg-y90 res-text\">\n                                <div class=\"text-box-content text dark\">\n              \n              <div class=\"text-inner text-center\">\n                  \n<h3 class=\"uppercase\"><strong>PSYCHANALYSE<\/strong><\/h3>\n              <\/div>\n           <\/div>\n                            \n<style>\n#text-box-2107952134 {\n  width: 60%;\n}\n#text-box-2107952134 .text-box-content {\n  font-size: 100%;\n}\n<\/style>\n    <\/div>\n \n        <\/div>\n      <\/div>\n\n            \n<style>\n#banner-673204794 {\n  padding-top: 350px;\n}\n#banner-673204794 .overlay {\n  background-color: rgba(0,0,0,.5);\n}\n#banner-673204794 .banner-bg img {\n  object-position: 0% 20%;\n}\n<\/style>\n  <\/div>\n\n\n  <div id=\"page-header-537349643\" class=\"page-header-wrapper\">\n  <div class=\"page-title light simple-title\">\n\n    \n    <div class=\"page-title-inner container align-center flex-row medium-flex-wrap row-reverse\" >\n            <div class=\"title-content flex-col flex-left text-left medium-text-center\">\n        <div class=\"title-breadcrumbs pb-half pt-half\"><nav class=\"woocommerce-breadcrumb breadcrumbs uppercase\" aria-label=\"Breadcrumb\" data-no-translation=\"\" data-trp-gettext=\"\">Inicio<\/nav><\/div>      <\/div>\n    <\/div>\n\n       <\/div>\n    <\/div>\n  \n\n\t<section class=\"section\" id=\"section_1461506769\">\n\t\t<div class=\"section-bg fill\" >\n\t\t\t\t\t\t\t\t\t\n\t\t\t\n\n\t\t<\/div>\n\n\t\t\n\n\t\t<div class=\"section-content relative\">\n\t\t\t\n\t<div id=\"gap-143697979\" class=\"gap-element clearfix\" style=\"display:block; height:auto;\">\n\t\t\n<style>\n#gap-143697979 {\n  padding-top: 40px;\n}\n<\/style>\n\t<\/div>\n\t\n<div class=\"row align-center\"  id=\"row-1714095817\">\n\n\t<div id=\"col-1989393069\" class=\"col small-10 large-12\"  >\n\t\t\t\t<div class=\"col-inner text-center\"  >\n\t\t\t\n\t\t\t\n<h1 class=\"uppercase\"><span style=\"font-size: 150%;\">PSYCHANALYSE<\/span><\/h1>\n\t\t<\/div>\n\t\t\t\t\n<style>\n#col-1989393069 > .col-inner {\n  padding: 0px 0px 0 0px;\n}\n<\/style>\n\t<\/div>\n\n\t\n\n\t<div id=\"col-1963569148\" class=\"col para-14 small-10 large-12\"  >\n\t\t\t\t<div class=\"col-inner\"  >\n\t\t\t\n\t\t\t\n<p style=\"text-align: justify;\">Structur\u00e9e en concepts, elle offre un dispositif qui permet \u00e0 la personne de comprendre ses logiques inconscientes, de prendre du recul, de trouver des stratag\u00e8mes qui am\u00e9nagent et transforment un sympt\u00f4me afin d\u2019en adoucir la nuisance sans en ignorer la raison d\u2019\u00eatre.<\/p>\n<p style=\"text-align: justify;\">\u00a0<\/p>\n<p style=\"text-align: justify;\">L\u2019attention port\u00e9e aux langages des r\u00eaves, des lapsus, des oublis et autres actes manqu\u00e9s donne acc\u00e8s \u00e0 cet autre monde qui parle en soi, acc\u00e8s qui rel\u00e8ve de l&rsquo;initiative individuelle et dont il est \u00e9thique de respecter les verrous.<\/p>\n<p style=\"text-align: justify;\">\u00a0<\/p>\n<p style=\"text-align: justify;\">Son ressort essentiel r\u00e9side dans un rejeu transf\u00e9rentiel v\u00e9cu par le patient et accept\u00e9 par le th\u00e9rapeute.<\/p>\n\t\t<\/div>\n\t\t\t\t\t<\/div>\n\n\t\n\n<style>\n#row-1714095817 > .col > .col-inner {\n  padding: 0px 0px 20px 0px;\n}\n<\/style>\n<\/div>\n\t\n  \n    <div id=\"product-grid-1239900398\" class=\"row large-columns-4 medium-columns-3 small-columns-2 row-small has-shadow row-box-shadow-1 row-box-shadow-5-hover row-masonry\" data-packery-options='{\"itemSelector\": \".col\", \"gutter\": 0, \"presentageWidth\" : true}'>\n\n  <\/div>\n\t\t<\/div>\n\n\t\t\n<style>\n#section_1461506769 {\n  padding-top: 0px;\n  padding-bottom: 0px;\n}\n<\/style>\n\t<\/section>","protected":false},"excerpt":{"rendered":"","protected":false},"author":2,"featured_media":0,"parent":277,"menu_order":5,"comment_status":"closed","ping_status":"closed","template":"page-transparent-header.php","meta":{"_acf_changed":false,"footnotes":""},"class_list":["post-877","page","type-page","status-publish","hentry"],"acf":[],"_links":{"self":[{"href":"https:\/\/www.berangel.com\/es\/wp-json\/wp\/v2\/pages\/877","targetHints":{"allow":["GET"]}}],"collection":[{"href":"https:\/\/www.berangel.com\/es\/wp-json\/wp\/v2\/pages"}],"about":[{"href":"https:\/\/www.berangel.com\/es\/wp-json\/wp\/v2\/types\/page"}],"author":[{"embeddable":true,"href":"https:\/\/www.berangel.com\/es\/wp-json\/wp\/v2\/users\/2"}],"replies":[{"embeddable":true,"href":"https:\/\/www.berangel.com\/es\/wp-json\/wp\/v2\/comments?post=877"}],"version-history":[{"count":0,"href":"https:\/\/www.berangel.com\/es\/wp-json\/wp\/v2\/pages\/877\/revisions"}],"up":[{"embeddable":true,"href":"https:\/\/www.berangel.com\/es\/wp-json\/wp\/v2\/pages\/277"}],"wp:attachment":[{"href":"https:\/\/www.berangel.com\/es\/wp-json\/wp\/v2\/media?parent=877"}],"curies":[{"name":"wp","href":"https:\/\/api.w.org\/{rel}","templated":true}]}}