{"id":879,"date":"2019-02-11T23:35:32","date_gmt":"2019-02-11T22:35:32","guid":{"rendered":"https:\/\/www.berangel.com\/?page_id=879"},"modified":"2025-05-15T18:44:22","modified_gmt":"2025-05-15T16:44:22","slug":"livres-psychologie","status":"publish","type":"page","link":"https:\/\/www.berangel.com\/es\/livres-psychanalyse-psychologie-sociologie\/livres-psychologie\/","title":{"rendered":"Psychologie"},"content":{"rendered":"<div class=\"banner has-hover\" id=\"banner-2000257567\">\n          <div class=\"banner-inner fill\">\n        <div class=\"banner-bg fill\" >\n            <img decoding=\"async\" width=\"330\" height=\"206\" data-src=\"https:\/\/www.berangel.com\/wp-content\/uploads\/2019\/02\/psychanalyse.jpg\" class=\"bg attachment-original size-original lazyload\" alt=\"\" src=\"data:image\/gif;base64,R0lGODlhAQABAAAAACH5BAEKAAEALAAAAAABAAEAAAICTAEAOw==\" style=\"--smush-placeholder-width: 330px; --smush-placeholder-aspect-ratio: 330\/206;\" \/>                        <div class=\"overlay\"><\/div>            \n                    <\/div>\n\t\t\n        <div class=\"banner-layers container\">\n            <div class=\"fill banner-link\"><\/div>            \n   <div id=\"text-box-411859934\" class=\"text-box banner-layer x50 md-x50 lg-x50 y90 md-y90 lg-y90 res-text\">\n                                <div class=\"text-box-content text dark\">\n              \n              <div class=\"text-inner text-center\">\n                  \n<h3 class=\"uppercase\"><strong>Psychologie<\/strong><\/h3>\n              <\/div>\n           <\/div>\n                            \n<style>\n#text-box-411859934 {\n  width: 60%;\n}\n#text-box-411859934 .text-box-content {\n  font-size: 100%;\n}\n<\/style>\n    <\/div>\n \n        <\/div>\n      <\/div>\n\n            \n<style>\n#banner-2000257567 {\n  padding-top: 350px;\n}\n#banner-2000257567 .overlay {\n  background-color: rgba(0,0,0,.5);\n}\n#banner-2000257567 .banner-bg img {\n  object-position: top;\n}\n<\/style>\n  <\/div>\n\n\n  <div id=\"page-header-1971325817\" class=\"page-header-wrapper\">\n  <div class=\"page-title light simple-title\">\n\n    \n    <div class=\"page-title-inner container align-center flex-row medium-flex-wrap row-reverse\" >\n            <div class=\"title-content flex-col flex-left text-left medium-text-center\">\n        <div class=\"title-breadcrumbs pb-half pt-half\"><nav class=\"woocommerce-breadcrumb breadcrumbs uppercase\" aria-label=\"Breadcrumb\" data-no-translation=\"\" data-trp-gettext=\"\">Inicio<\/nav><\/div>      <\/div>\n    <\/div>\n\n       <\/div>\n    <\/div>\n  \n\n\t<section class=\"section\" id=\"section_1618110981\">\n\t\t<div class=\"section-bg fill\" >\n\t\t\t\t\t\t\t\t\t\n\t\t\t\n\n\t\t<\/div>\n\n\t\t\n\n\t\t<div class=\"section-content relative\">\n\t\t\t\n\t<div id=\"gap-1578034934\" class=\"gap-element clearfix\" style=\"display:block; height:auto;\">\n\t\t\n<style>\n#gap-1578034934 {\n  padding-top: 40px;\n}\n<\/style>\n\t<\/div>\n\t\n<div class=\"row align-center\"  id=\"row-891782907\">\n\n\t<div id=\"col-298014769\" class=\"col small-10 large-12\"  >\n\t\t\t\t<div class=\"col-inner text-center\"  >\n\t\t\t\n\t\t\t\n<h1 class=\"uppercase\"><span style=\"font-size: 150%;\">Psychologie<\/span><\/h1>\n\t\t<\/div>\n\t\t\t\t\n<style>\n#col-298014769 > .col-inner {\n  padding: 0px 0px 0 0px;\n}\n<\/style>\n\t<\/div>\n\n\t\n\n\t<div id=\"col-721183949\" class=\"col para-14 small-10 large-12\"  >\n\t\t\t\t<div class=\"col-inner\"  >\n\t\t\t\n\t\t\t\n<p style=\"text-align: justify;\">\u00c9tymologiquement \u00ab\u00a0science de l&rsquo;\u00e2me\u00a0\u00bb, ce domaine des sciences humaines \u00e9tudie les faits psychiques normaux et pathologiques d\u2019une personne consid\u00e9r\u00e9e dans ses d\u00e9terminants singuliers.<\/p>\n<p style=\"text-align: justify;\">\u00a0<\/p>\n<p style=\"text-align: justify;\">Ses sp\u00e9cialit\u00e9s sont multiples (psychologie clinique, cognitive, du d\u00e9veloppement, sociale, du travail, de la sant\u00e9, interculturelle&#8230;) mais toutes partent d&rsquo;une connaissance des activit\u00e9s mentales pour revenir \u00e0 la sp\u00e9cificit\u00e9 de l&rsquo;individu.<\/p>\n<p style=\"text-align: justify;\">\u00a0<\/p>\n<p style=\"text-align: justify;\">Dans sa dimension humaniste, elle est ce lieu o\u00f9 la parole est prot\u00e9g\u00e9e et non jug\u00e9e, o\u00f9 elle se d\u00e9ploie en un processus lent et progressif. \u00a0Le r\u00f4le du th\u00e9rapeute n\u2019y est pas d\u2019agir ou conseiller mais de permettre au patient \u201cde faire une exp\u00e9rience libre de lui-m\u00eame\u201d selon l\u2019expression de Carl Rogers, afin de prendre conscience de ce qu\u2019il souhaite et exprime profond\u00e9ment.<\/p>\n<p style=\"text-align: justify;\">\u00a0<\/p>\n<p style=\"text-align: justify;\">Par ailleurs, de nombreuses techniques se r\u00e9pandent largement dans le public, qui ne remplacent pas n\u00e9anmoins la vertu de \u201cl\u2019attention confiante\u201d d\u2019un th\u00e9rapeute \u00e0 l\u2019\u00e9gard de son patient (Fran\u00e7ois Roustang). La communication non violente en est un exemple int\u00e9ressant.<\/p>\n\t\t<\/div>\n\t\t\t\t\t<\/div>\n\n\t\n\n<style>\n#row-891782907 > .col > .col-inner {\n  padding: 0px 0px 20px 0px;\n}\n<\/style>\n<\/div>\n\t\n  \n    <div id=\"product-grid-1345920618\" class=\"row large-columns-4 medium-columns-3 small-columns-2 row-small has-shadow row-box-shadow-1 row-box-shadow-5-hover row-masonry\" data-packery-options='{\"itemSelector\": \".col\", \"gutter\": 0, \"presentageWidth\" : true}'>\n\n  <\/div>\n\t\t<\/div>\n\n\t\t\n<style>\n#section_1618110981 {\n  padding-top: 0px;\n  padding-bottom: 0px;\n}\n<\/style>\n\t<\/section>","protected":false},"excerpt":{"rendered":"","protected":false},"author":2,"featured_media":0,"parent":277,"menu_order":5,"comment_status":"closed","ping_status":"closed","template":"page-transparent-header.php","meta":{"_acf_changed":false,"footnotes":""},"class_list":["post-879","page","type-page","status-publish","hentry"],"acf":[],"_links":{"self":[{"href":"https:\/\/www.berangel.com\/es\/wp-json\/wp\/v2\/pages\/879","targetHints":{"allow":["GET"]}}],"collection":[{"href":"https:\/\/www.berangel.com\/es\/wp-json\/wp\/v2\/pages"}],"about":[{"href":"https:\/\/www.berangel.com\/es\/wp-json\/wp\/v2\/types\/page"}],"author":[{"embeddable":true,"href":"https:\/\/www.berangel.com\/es\/wp-json\/wp\/v2\/users\/2"}],"replies":[{"embeddable":true,"href":"https:\/\/www.berangel.com\/es\/wp-json\/wp\/v2\/comments?post=879"}],"version-history":[{"count":0,"href":"https:\/\/www.berangel.com\/es\/wp-json\/wp\/v2\/pages\/879\/revisions"}],"up":[{"embeddable":true,"href":"https:\/\/www.berangel.com\/es\/wp-json\/wp\/v2\/pages\/277"}],"wp:attachment":[{"href":"https:\/\/www.berangel.com\/es\/wp-json\/wp\/v2\/media?parent=879"}],"curies":[{"name":"wp","href":"https:\/\/api.w.org\/{rel}","templated":true}]}}