{"id":3297,"date":"2020-06-26T11:41:49","date_gmt":"2020-06-26T09:41:49","guid":{"rendered":"https:\/\/www.berangel.com\/?post_type=product&#038;p=3297"},"modified":"2025-09-12T20:08:51","modified_gmt":"2025-09-12T18:08:51","slug":"le-silence-des-matriochkas-anne-bassi","status":"publish","type":"product","link":"https:\/\/www.berangel.com\/es\/producto\/le-silence-des-matriochkas-anne-bassi\/","title":{"rendered":"Le silence des Matriochkas"},"content":{"rendered":"<h2><strong>LE SILENCE DES MATRIOCHKAS<\/strong><\/h2>\n<p>Rebecca, Ra\u00efssa, Anouchka\u2026 Trois femmes d\u2019une m\u00eame lign\u00e9e, trois destins\u2026 Et un secret.<\/p>\n<p>Elles sont li\u00e9es par ce qu\u2019elles ont de plus intime, l\u2019unit\u00e9 duelle m\u00e8re-fille.<\/p>\n<p>Inspir\u00e9 de faits r\u00e9els, ce roman vous transporte de 1885 \u00e0 aujourd\u2019hui, de Kiev \u00e0 Paris en passant par Berlin.<\/p>\n<p>En 2017, Anouchka, la petite fille, l\u2019avocate, affronte le silence qui imposa son empreinte \u00e0 chaque g\u00e9n\u00e9ration et reconstitue son histoire familiale \u00e0 travers une enqu\u00eate qu\u2019elle m\u00e8nera avec un g\u00e9n\u00e9alogiste allemand. Elle d\u00e9couvrira un secret de famille enfoui depuis des d\u00e9cennies, une lign\u00e9e myst\u00e9rieuse et une transmission qui la d\u00e9passe.<\/p>\n<p>Un roman plein d\u2019\u00e9motion sur le monde de nos origines, la transmission du pass\u00e9 et de sa m\u00e9moire.<\/p>\n<p>&nbsp;<\/p>\n<h3>Table des mati\u00e8res<\/h3>\n<p>Pr\u00e9face<\/p>\n<p>Paris, 24 janvier 2000<\/p>\n<p>Paris, 9 mars 2017<\/p>\n<p>Duvno (Ukraine), 1885 \u2013 Duvno, 1907<\/p>\n<p>Kiev (Ukraine), 1911 \u2013 1926<\/p>\n<p>Paris, 1936 \u2013 1990<\/p>\n<p>Paris, 13 janvier 1974 \u2013 24 janvier 2000<\/p>\n<p>Paris, septembre 1998 \u2013 24 janvier 2000<\/p>\n<p>24 janvier 2000 \u2013 27 avril 2002<\/p>\n<p>Paris, 1980 \u2013 2010<\/p>\n<p>Paris, 2010 \u2013 mars 2017<\/p>\n<p>Berlin, Paris, 21 janvier 1930<\/p>\n<p>Paris, 6 avril 2017<\/p>\n<p>Paris, 11 mai 2017<\/p>\n<p>Paris, juillet \u2013 ao\u00fbt 2017<\/p>\n<p>Paris, 24 janvier 2000<\/p>\n<p>Paris, septembre, octobre 2017<\/p>\n<p>Paris, 23 novembre 2017<\/p>\n<p>Paris, 7 d\u00e9cembre 2017<\/p>\n<p>Paris, Berlin<\/p>\n<p>Janvier, f\u00e9vrier 2018<\/p>\n<p>Berlin, 15 mars 2018<\/p>\n<p>Paris, 15 avril 2018<\/p>\n<p>Paris, mai 2018<\/p>\n<p>Epilogue<\/p>\n<p>Table des mati\u00e8res<\/p>\n<p style=\"text-align: center;\"><a href=\"https:\/\/www.berangel.com\/es\/anne-bassi-ouvrons-la-fenetre-par-sophie-nouaille\/\">EN SAVOIR PLUS<\/a><\/p>\n<p style=\"text-align: center;\"><a href=\"https:\/\/www.berangel.com\/es\/le-coup-de-coeur-daujourdhui-pour-patrick-poivre-darvor-est\/\">POINT PRESSE<\/a><\/p>\n<div class=\"video video-fit mb\" style=\"padding-top:56.25%;\"><p><iframe title=\"Interview - Auteure - Anne Bassi - Le silence des Matriochkas\" width=\"1020\" height=\"574\" data-src=\"https:\/\/www.youtube.com\/embed\/rzUZDaDgAJU?feature=oembed\" frameborder=\"0\" allow=\"accelerometer; autoplay; clipboard-write; encrypted-media; gyroscope; picture-in-picture; web-share\" referrerpolicy=\"strict-origin-when-cross-origin\" allowfullscreen src=\"data:image\/gif;base64,R0lGODlhAQABAAAAACH5BAEKAAEALAAAAAABAAEAAAICTAEAOw==\" class=\"lazyload\" data-load-mode=\"1\"><\/iframe><\/p>\n<\/div>","protected":false},"excerpt":{"rendered":"<p>\u00c0 travers une enqu\u00eate men\u00e9e en Europe avec un g\u00e9n\u00e9alogiste, une avocate reconstitue son histoire familiale par le d\u00e9voilement d\u2019un secret de famille enfoui.<\/p>\n<h5><a href=\"https:\/\/www.berangel.com\/wp-content\/uploads\/2021\/05\/001-communique-de-presse-ils-en-ont-parle-mai-2021.pdf\" target=\"_blank\" rel=\"noopener noreferrer\">Communiqu\u00e9 de Presse ICI<\/a><\/h5>\n<h6><a class=\"button primary is-outline\" href=\"https:\/\/www.berangel.com\/es\/nos-points-de-vente\/\" target=\"_blank\" rel=\"noopener noreferrer\">\u00bfD\u00f3nde puedes encontrar tus libros en las librer\u00edas?<\/a><\/h6>\n<p>&nbsp;<\/p>","protected":false},"featured_media":3180,"comment_status":"closed","ping_status":"closed","template":"","meta":{"_acf_changed":false},"product_brand":[],"product_cat":[331,217,112,225,330],"product_tag":[],"class_list":{"0":"post-3297","1":"product","2":"type-product","3":"status-publish","4":"has-post-thumbnail","6":"product_cat-anne-bassi","7":"product_cat-genealogie-et-plus","8":"product_cat-notre-selection","9":"product_cat-psychogenealogie","10":"product_cat-roman","11":"pa_auteur-autrice-anne-bassi","13":"first","14":"instock","15":"taxable","16":"shipping-taxable","17":"purchasable","18":"product-type-simple"},"acf":[],"_links":{"self":[{"href":"https:\/\/www.berangel.com\/es\/wp-json\/wp\/v2\/product\/3297","targetHints":{"allow":["GET"]}}],"collection":[{"href":"https:\/\/www.berangel.com\/es\/wp-json\/wp\/v2\/product"}],"about":[{"href":"https:\/\/www.berangel.com\/es\/wp-json\/wp\/v2\/types\/product"}],"replies":[{"embeddable":true,"href":"https:\/\/www.berangel.com\/es\/wp-json\/wp\/v2\/comments?post=3297"}],"wp:featuredmedia":[{"embeddable":true,"href":"https:\/\/www.berangel.com\/es\/wp-json\/wp\/v2\/media\/3180"}],"wp:attachment":[{"href":"https:\/\/www.berangel.com\/es\/wp-json\/wp\/v2\/media?parent=3297"}],"wp:term":[{"taxonomy":"product_brand","embeddable":true,"href":"https:\/\/www.berangel.com\/es\/wp-json\/wp\/v2\/product_brand?post=3297"},{"taxonomy":"product_cat","embeddable":true,"href":"https:\/\/www.berangel.com\/es\/wp-json\/wp\/v2\/product_cat?post=3297"},{"taxonomy":"product_tag","embeddable":true,"href":"https:\/\/www.berangel.com\/es\/wp-json\/wp\/v2\/product_tag?post=3297"}],"curies":[{"name":"wp","href":"https:\/\/api.w.org\/{rel}","templated":true}]}}