{"id":3305,"date":"2020-06-08T09:06:59","date_gmt":"2020-06-08T07:06:59","guid":{"rendered":"https:\/\/www.berangel.com\/?post_type=product&#038;p=3305"},"modified":"2025-09-12T20:10:33","modified_gmt":"2025-09-12T18:10:33","slug":"le-complexe-de-blanche-neige","status":"publish","type":"product","link":"https:\/\/www.berangel.com\/es\/producto\/le-complexe-de-blanche-neige\/","title":{"rendered":"Le Complexe de Blanche Neige"},"content":{"rendered":"<h2><strong>LE COMPLEXE DE BLANCHE NEIGE<\/strong><\/h2>\n<h3>Introduction \u00e0 la m\u00e8re\/fonction maternelle toxique<\/h3>\n<p>Dans cet essai, le docteur Salomon SELLAM s\u2019est inspir\u00e9 de l\u2019intrigue de ce conte pour enfant pour, d\u2019une part, identifier une dynamique intrafamiliale particuli\u00e8re et, d\u2019autre part, la d\u00e9velopper en l\u2019adaptant \u00e0 la clinique quotidienne. Oui, il existe de nombreuses Blanche Neige dans la nature et, lorsqu\u2019elles se confient, elles racontent souvent la m\u00eame histoire conflictuelle, principalement avec leur m\u00e8re.<\/p>\n<p>&nbsp;<\/p>\n<p>Il a aussi identifi\u00e9 une sorte de suite \u00e9v\u00e9nementielle en quatre \u00e9tapes, \u00e0 l\u2019origine de ce Complexe :<\/p>\n<ol>\n<li>Vie normale du couple parental.<\/li>\n<li>Arriv\u00e9e d&rsquo;une enfant dite <em>pr\u00e9cieuse<\/em> pour le p\u00e8re, devenant ainsi sa pr\u00e9f\u00e9r\u00e9e.<\/li>\n<li>Jalousie r\u00e9actionnelle de la m\u00e8re avec un changement d\u2019attitude inaugurant un comportement toxique, castrateur et d\u00e9valorisant vis-\u00e0-vis de sa fille\/concurrente, afin de mieux la contr\u00f4ler et de mieux la manipuler.<\/li>\n<li>Apparition progressive du Complexe de Blanche Neige chez sa fille.<\/li>\n<\/ol>\n<p>&nbsp;<\/p>\n<p>Mais toutes les m\u00e8res toxiques <em>ne produisent pas <\/em>de Blanche Neige. Ainsi, dans une seconde partie, il divulgue son exp\u00e9rience sur un th\u00e8me peu d\u00e9velopp\u00e9 et aussi fr\u00e9quent, celui de la m\u00e8re\/fonction maternelle toxique.<\/p>\n<p>&nbsp;<\/p>\n<p>Une troisi\u00e8me partie est enti\u00e8rement d\u00e9volue aux conseils et aux aspects th\u00e9rapeutiques.<\/p>\n<p>&nbsp;<\/p>\n<p>Enfin, toutes ces conclusions s\u2019adaptent parfaitement pour la version masculine de la toxicit\u00e9 parentale, d\u00e9velopp\u00e9es en fin de volume.<\/p>\n<p>&nbsp;<\/p>\n<p><em>J\u2019esp\u00e8re que cette nouvelle dynamique intrafamiliale prendra sa v\u00e9ritable place dans la th\u00e9orie de la psychologie clinique. Elle a d\u00e9j\u00e0 aid\u00e9 de nombreuses personnes jusqu\u2019\u00e0 aujourd\u2019hui et je lui promets un bel avenir dans les cabinets de consultation. <\/em><\/p>\n<p><em>\u00a0<\/em><\/p>\n<p>Dr. Salomon SELLAM<\/p>\n<p>&nbsp;<\/p>\n<h2>Table des mati\u00e8res<\/h2>\n<h3>Premi\u00e8re partie\u00a0: Le Complexe de Blanche Neige<\/h3>\n<p>Mais que vient faire Blanche Neige dans un ouvrage de psychologie, de psychosomatique et de d\u00e9veloppement personnel ?<\/p>\n<p><em>Question 1<\/em>\u00a0: Quelle est la grande diff\u00e9rence entre le Complexe freudien d\u2019\u0152dipe ou d\u2019Electre et le Complexe de Blanche Neige ?<\/p>\n<p><em>Question 2<\/em>\u00a0:\u00a0 Pour quelles raisons nommer cette probl\u00e9matique<\/p>\n<p>Complexe de Blanche Neige ?<\/p>\n<p><em>Question 3<\/em>\u00a0: Pourquoi le p\u00e8re tombe-t-il rapidement <em>amoureux<\/em> de sa fille jusqu\u2019\u00e0, inconsciemment, la hisser au rang de pr\u00e9f\u00e9r\u00e9e ?<\/p>\n<p>Exemple \u00e0 partir du Transg\u00e9n\u00e9rationnel<\/p>\n<p><em>Question 4<\/em>\u00a0: Pourquoi l\u2019amour du p\u00e8re pour sa fille peut engendrer<\/p>\n<p>un Complexe de Blanche Neige ?<\/p>\n<p><em>Question 5\u00a0<\/em>: Pourquoi la m\u00e8re devient-elle jalouse<\/p>\n<p>et agit-elle de la sorte avec sa fille ?<\/p>\n<p><em>Question 6<\/em>\u00a0: Quel est le comportement de la m\u00e8re \u00e0 l\u2019origine<\/p>\n<p>de la constitution d\u2019un Complexe de Blanche Neige\u00a0?<\/p>\n<p><em>Question 7<\/em>\u00a0: Les premi\u00e8res cons\u00e9quences psycho-comportementales<\/p>\n<p>dans le Complexe de Blanche Neige<\/p>\n<p><em>Question 8<\/em>\u00a0: Quels seraient les mots-cl\u00e9s du Complexe de Blanche Neige ?<\/p>\n<p>ou Comment d\u00e9tecter une Blanche Neige ?<\/p>\n<p><em>Question 9<\/em>\u00a0: Quelles furent les premi\u00e8res Blanche Neige d\u00e9tect\u00e9es, 2002\u00a0?<\/p>\n<p><em>Michelle, Madame Blanche Neige Yang de Paris<\/em><\/p>\n<p><em>Brigitte, Madame Blanche Neige Yin de Saint Etienne<\/em><\/p>\n<p><em>Monica, Madame Blanche Neige de Canc\u00fan<\/em><\/p>\n<p><em>Tatiana, Madame Blanche Neige de Tul\u00fam<\/em><\/p>\n<p><em>Cristina, la Blanche Neige de Mar del Plata<\/em><\/p>\n<p><em>Montse, Madame Blanche Neige Catalane de Barcelona\u00a0 <\/em><\/p>\n<p><em>Madame M\u00e9dicament<\/em><\/p>\n<p>&nbsp;<\/p>\n<p>Le Complexe de Blanche Neige r\u00e9sum\u00e9<\/p>\n<p>&nbsp;<\/p>\n<h3>Deuxi\u00e8me partie<em>\u00a0: <\/em>Du Complexe de Blanche Neige \u00e0 La m\u00e8re\/fonction maternelle toxique<\/h3>\n<p><em>Question 1<\/em>\u00a0: Quelle est la diff\u00e9rence entre <em>m\u00e8re<\/em> y <em>fonction maternelle<\/em> ?<\/p>\n<p><em>Question 2<\/em>\u00a0: Qu\u2019est-ce qu\u2019une m\u00e8re toxique ?<\/p>\n<p><em>Question 2 bis<\/em>\u00a0: Qu\u2019est-ce qu\u2019une bonne m\u00e8re biologique<\/p>\n<p>exer\u00e7ant une fonction maternelle toxique ?<\/p>\n<p><em>Question 3<\/em>\u00a0: Quel est l\u2019int\u00e9r\u00eat archa\u00efque d\u2019aimer <em>normalement<\/em> son enfant, de mani\u00e8re inconditionnelle ?<\/p>\n<p><em>Question 4<\/em>\u00a0: Quels seraient les signes cliniques ou comportementaux t\u00e9moins d\u2019une mauvaise nourriture affective re\u00e7ue ?<\/p>\n<ul>\n<li>Premier signe : le temps pass\u00e9 chez les parents \u00e0 l\u2019\u00e2ge adulte.<\/li>\n<li>Deuxi\u00e8me signe : le comportement alimentaire 1.<\/li>\n<li>Troisi\u00e8me signe : le comportement alimentaire 2.<\/li>\n<li>Quatri\u00e8me signe : le comportement des grands-parents vis-\u00e0-vis de leurs petits-enfants.<\/li>\n<li>Cinqui\u00e8me signe : le flagrant manque d\u2019affection, la sensation de rejet et l\u2019impossibilit\u00e9 d\u2019exprimer ses sentiments.<\/li>\n<li>Sixi\u00e8me signe : le ressenti du patient.<\/li>\n<\/ul>\n<p>T\u00e9moignage\u00a0: mes nourritures toxiques.<\/p>\n<p><em>Question 5\u00a0<\/em>: Quand se met en place une fonction maternelle toxique\u00a0?<\/p>\n<p><em>Question 6<\/em>\u00a0: Quelles sont les diff\u00e9rentes sources d\u2019une fonction maternelle toxique\u00a0?<\/p>\n<ul>\n<li>La toxicit\u00e9 maternelle structurelle ou inn\u00e9e<\/li>\n<\/ul>\n<p><em>Monsieur Rock\u2019n Roll 1<\/em><\/p>\n<p><em>Monsieur Voiture de Luxe<\/em><\/p>\n<ul>\n<li>La toxicit\u00e9 maternelle conjoncturelle ou acquise<\/li>\n<li>Premi\u00e8re cat\u00e9gorie : mon enfant n\u2019est pas l\u2019enfant de l\u2019amour.<\/li>\n<li>Deuxi\u00e8me cat\u00e9gorie : mon enfant est associ\u00e9 \u00e0 un \u00e9v\u00e9nement d\u00e9stabilisant ayant fortement affect\u00e9 le foyer, notion de m\u00e8re morte ou de p\u00e8re mort.<\/li>\n<li>Troisi\u00e8me cat\u00e9gorie : autres possibilit\u00e9s r\u00e9pertori\u00e9es actuellement.<\/li>\n<li>Quatri\u00e8me cat\u00e9gorie : l\u2019enfant est inconsciemment associ\u00e9 \u00e0 un drame transg\u00e9n\u00e9rationnel.<\/li>\n<\/ul>\n<p><em>Madame \u00c9cart\u00e9e<\/em><\/p>\n<p><em>Question 6<\/em>\u00a0: Quelles en sont les possibles cons\u00e9quences sur l\u2019enfant ?<\/p>\n<p><em>Mademoiselle la pr\u00e9f\u00e9r\u00e9e de la tante<\/em><\/p>\n<p>&nbsp;<\/p>\n<h3>Troisi\u00e8me partie\u00a0: Aspects th\u00e9rapeutiques<\/h3>\n<p><em>Premi\u00e8re \u00e9tap<\/em>e : la pose du diagnostic de la dynamique familiale<\/p>\n<p><em>Deuxi\u00e8me \u00e9tape<\/em> : les premi\u00e8res r\u00e9actions de la connexion entre le mental et l\u2019\u00e9motionnel.<\/p>\n<p><em>Troisi\u00e8me \u00e9tape<\/em> : le chemin de l\u2019acceptation, du pardon et du l\u00e2cher-prise.<\/p>\n<p><em>Quatri\u00e8me \u00e9tape<\/em> : le r\u00e9investissement dans la vie pr\u00e9sente, toujours en hyperconscience.<\/p>\n<p><em>Monsieur Rock&rsquo;n Roll 2 <\/em><\/p>\n<p><em>\u00a0<\/em><\/p>\n<h3>Annexes 1<\/h3>\n<p>Le Complexe de Blanche Neige masculin<\/p>\n<p><em>Monsieur P\u00e9dalo<\/em><\/p>\n<p><em>Monsieur R\u00e9union<\/em><\/p>\n<p><em>Monsieur Divorce Malheureux<\/em><\/p>\n<p>&nbsp;<\/p>\n<h3>Annexes 2<\/h3>\n<p>Que trouve-t-on actuellement en clinique quotidienne<\/p>\n<p>et que pourrions-nous trouver th\u00e9oriquement \u00e0 l\u2019avenir ?<\/p>\n<p style=\"text-align: center;\"><a href=\"https:\/\/www.berangel.com\/es\/sortie-officielle-le-09-novembre-2020\/\" target=\"_blank\" rel=\"noopener noreferrer\">EN SAVOIR PLUS<\/a><\/p>\n<div class=\"video video-fit mb\" style=\"padding-top:56.25%;\"><p><iframe title=\"Histoire des publications - 13)  Le complexe de Blanche Neige\" width=\"1020\" height=\"574\" data-src=\"https:\/\/www.youtube.com\/embed\/Ski7dp0KyzI?feature=oembed\" frameborder=\"0\" allow=\"accelerometer; autoplay; clipboard-write; encrypted-media; gyroscope; picture-in-picture; web-share\" referrerpolicy=\"strict-origin-when-cross-origin\" allowfullscreen src=\"data:image\/gif;base64,R0lGODlhAQABAAAAACH5BAEKAAEALAAAAAABAAEAAAICTAEAOw==\" class=\"lazyload\" data-load-mode=\"1\"><\/iframe><\/p>\n<\/div>","protected":false},"excerpt":{"rendered":"<p>Dans cet essai, le docteur Salomon SELLAM s\u2019est inspir\u00e9 de l\u2019intrigue de ce conte pour enfant pour, d\u2019une part, identifier une dynamique intrafamiliale particuli\u00e8re et, d\u2019autre part, la d\u00e9velopper en l\u2019adaptant \u00e0 la clinique quotidienne. Oui, il existe de nombreuses Blanche Neige dans la nature et, lorsqu\u2019elles se confient, elles racontent souvent la m\u00eame histoire conflictuelle, principalement avec leur m\u00e8re.<\/p>\n<p>Communiqu\u00e9 de Presse <a href=\"https:\/\/www.berangel.com\/wp-content\/uploads\/2020\/11\/001-communique-de-presse-blanche-neige.pdf\">ICI<\/a><\/p>\n<p>&nbsp;<\/p>\n<h6><a class=\"button primary is-outline\" href=\"https:\/\/www.berangel.com\/es\/nos-points-de-vente\/\" target=\"_blank\" rel=\"noopener noreferrer\">\u00bfD\u00f3nde puedes encontrar tus libros en las librer\u00edas?<\/a><\/h6>","protected":false},"featured_media":3151,"comment_status":"closed","ping_status":"closed","template":"","meta":{"_acf_changed":false},"product_brand":[],"product_cat":[77,220,232],"product_tag":[],"class_list":{"0":"post-3305","1":"product","2":"type-product","3":"status-publish","4":"has-post-thumbnail","6":"product_cat-salomon-sellam","7":"product_cat-psychanalyse-psychologie-sociologie","8":"product_cat-psychologie","9":"pa_auteur-autrice-dr-salomon-sellam","11":"first","12":"instock","13":"taxable","14":"shipping-taxable","15":"purchasable","16":"product-type-simple"},"acf":[],"_links":{"self":[{"href":"https:\/\/www.berangel.com\/es\/wp-json\/wp\/v2\/product\/3305","targetHints":{"allow":["GET"]}}],"collection":[{"href":"https:\/\/www.berangel.com\/es\/wp-json\/wp\/v2\/product"}],"about":[{"href":"https:\/\/www.berangel.com\/es\/wp-json\/wp\/v2\/types\/product"}],"replies":[{"embeddable":true,"href":"https:\/\/www.berangel.com\/es\/wp-json\/wp\/v2\/comments?post=3305"}],"wp:featuredmedia":[{"embeddable":true,"href":"https:\/\/www.berangel.com\/es\/wp-json\/wp\/v2\/media\/3151"}],"wp:attachment":[{"href":"https:\/\/www.berangel.com\/es\/wp-json\/wp\/v2\/media?parent=3305"}],"wp:term":[{"taxonomy":"product_brand","embeddable":true,"href":"https:\/\/www.berangel.com\/es\/wp-json\/wp\/v2\/product_brand?post=3305"},{"taxonomy":"product_cat","embeddable":true,"href":"https:\/\/www.berangel.com\/es\/wp-json\/wp\/v2\/product_cat?post=3305"},{"taxonomy":"product_tag","embeddable":true,"href":"https:\/\/www.berangel.com\/es\/wp-json\/wp\/v2\/product_tag?post=3305"}],"curies":[{"name":"wp","href":"https:\/\/api.w.org\/{rel}","templated":true}]}}